{"id":190,"date":"2023-02-01T15:32:47","date_gmt":"2023-02-01T14:32:47","guid":{"rendered":"https:\/\/schlei-bogensport.de\/cms\/sbs\/?page_id=190"},"modified":"2023-02-20T14:07:33","modified_gmt":"2023-02-20T13:07:33","slug":"links","status":"publish","type":"page","link":"https:\/\/schlei-bogensport.de\/cms\/sbs\/links\/","title":{"rendered":"Links"},"content":{"rendered":"\t\t<div data-elementor-type=\"wp-page\" data-elementor-id=\"190\" class=\"elementor elementor-190\">\n\t\t\t\t\t\t\t\t\t<section class=\"elementor-section elementor-top-section elementor-element elementor-element-94288ed elementor-section-boxed elementor-section-height-default elementor-section-height-default\" data-id=\"94288ed\" data-element_type=\"section\">\n\t\t\t\t\t\t<div class=\"elementor-container elementor-column-gap-default\">\n\t\t\t\t\t<div class=\"elementor-column elementor-col-100 elementor-top-column elementor-element elementor-element-37766b5\" data-id=\"37766b5\" data-element_type=\"column\">\n\t\t\t<div class=\"elementor-widget-wrap elementor-element-populated\">\n\t\t\t\t\t\t\t\t<div class=\"elementor-element elementor-element-31f4e3c elementor-widget elementor-widget-heading\" data-id=\"31f4e3c\" data-element_type=\"widget\" data-widget_type=\"heading.default\">\n\t\t\t\t<div class=\"elementor-widget-container\">\n\t\t\t<style>\/*! elementor - v3.16.0 - 09-10-2023 *\/\n.elementor-heading-title{padding:0;margin:0;line-height:1}.elementor-widget-heading .elementor-heading-title[class*=elementor-size-]>a{color:inherit;font-size:inherit;line-height:inherit}.elementor-widget-heading .elementor-heading-title.elementor-size-small{font-size:15px}.elementor-widget-heading .elementor-heading-title.elementor-size-medium{font-size:19px}.elementor-widget-heading .elementor-heading-title.elementor-size-large{font-size:29px}.elementor-widget-heading .elementor-heading-title.elementor-size-xl{font-size:39px}.elementor-widget-heading .elementor-heading-title.elementor-size-xxl{font-size:59px}<\/style><h2 class=\"elementor-heading-title elementor-size-default\">Links<\/h2>\t\t<\/div>\n\t\t\t\t<\/div>\n\t\t\t\t\t<\/div>\n\t\t<\/div>\n\t\t\t\t\t\t\t<\/div>\n\t\t<\/section>\n\t\t\t\t<section class=\"elementor-section elementor-top-section elementor-element elementor-element-9a719a0 elementor-section-boxed elementor-section-height-default elementor-section-height-default\" data-id=\"9a719a0\" data-element_type=\"section\">\n\t\t\t\t\t\t<div class=\"elementor-container elementor-column-gap-default\">\n\t\t\t\t\t<div class=\"elementor-column elementor-col-100 elementor-top-column elementor-element elementor-element-e3f6552\" data-id=\"e3f6552\" data-element_type=\"column\">\n\t\t\t<div class=\"elementor-widget-wrap elementor-element-populated\">\n\t\t\t\t\t\t\t\t<div class=\"elementor-element elementor-element-05899c3 elementor-widget elementor-widget-text-editor\" data-id=\"05899c3\" data-element_type=\"widget\" data-widget_type=\"text-editor.default\">\n\t\t\t\t<div class=\"elementor-widget-container\">\n\t\t\t<style>\/*! elementor - v3.16.0 - 09-10-2023 *\/\n.elementor-widget-text-editor.elementor-drop-cap-view-stacked .elementor-drop-cap{background-color:#69727d;color:#fff}.elementor-widget-text-editor.elementor-drop-cap-view-framed .elementor-drop-cap{color:#69727d;border:3px solid;background-color:transparent}.elementor-widget-text-editor:not(.elementor-drop-cap-view-default) .elementor-drop-cap{margin-top:8px}.elementor-widget-text-editor:not(.elementor-drop-cap-view-default) .elementor-drop-cap-letter{width:1em;height:1em}.elementor-widget-text-editor .elementor-drop-cap{float:left;text-align:center;line-height:1;font-size:50px}.elementor-widget-text-editor .elementor-drop-cap-letter{display:inline-block}<\/style>\t\t\t\t<p>(f\u00fcr den Inhalt der aufgef\u00fchrten Links zeichnet Schlei-Bogensport ausdr\u00fccklich nicht verantwortlich.)<\/p><p>Qualifizierte Schule f\u00fcr Traditionelles Bogenschie\u00dfen, Schleswig: www.bow-and-joy.de\u00a0<\/p><p>\u00a0<\/p><p>\u00a0<\/p><p>\u00a0<\/p><p>\u00a0<\/p><p>\u00a0<\/p><p>\u00a0<\/p><p>Stand: Jan 23<\/p><p>\u00a0<\/p>\t\t\t\t\t\t<\/div>\n\t\t\t\t<\/div>\n\t\t\t\t\t<\/div>\n\t\t<\/div>\n\t\t\t\t\t\t\t<\/div>\n\t\t<\/section>\n\t\t\t\t\t\t\t<\/div>\n\t\t","protected":false},"excerpt":{"rendered":"<p>Links (f\u00fcr den Inhalt der aufgef\u00fchrten Links zeichnet Schlei-Bogensport ausdr\u00fccklich nicht verantwortlich.) Qualifizierte Schule f\u00fcr Traditionelles Bogenschie\u00dfen, Schleswig: www.bow-and-joy.de\u00a0 \u00a0 \u00a0 \u00a0 \u00a0 \u00a0 \u00a0 Stand: Jan 23 \u00a0<\/p>\n","protected":false},"author":1,"featured_media":0,"parent":0,"menu_order":0,"comment_status":"closed","ping_status":"closed","template":"","meta":{"footnotes":""},"class_list":["post-190","page","type-page","status-publish","hentry","entry"],"yoast_head":"<!-- This site is optimized with the Yoast SEO plugin v20.13 - https:\/\/yoast.com\/wordpress\/plugins\/seo\/ -->\n<title>Links - Schlei-Bogensport<\/title>\n<meta name=\"robots\" content=\"index, follow, max-snippet:-1, max-image-preview:large, max-video-preview:-1\" \/>\n<link rel=\"canonical\" href=\"https:\/\/schlei-bogensport.de\/cms\/sbs\/links\/\" \/>\n<meta property=\"og:locale\" content=\"de_DE\" \/>\n<meta property=\"og:type\" content=\"article\" \/>\n<meta property=\"og:title\" content=\"Links - Schlei-Bogensport\" \/>\n<meta property=\"og:description\" content=\"Links (f\u00fcr den Inhalt der aufgef\u00fchrten Links zeichnet Schlei-Bogensport ausdr\u00fccklich nicht verantwortlich.) Qualifizierte Schule f\u00fcr Traditionelles Bogenschie\u00dfen, Schleswig: www.bow-and-joy.de\u00a0 \u00a0 \u00a0 \u00a0 \u00a0 \u00a0 \u00a0 Stand: Jan 23 \u00a0\" \/>\n<meta property=\"og:url\" content=\"https:\/\/schlei-bogensport.de\/cms\/sbs\/links\/\" \/>\n<meta property=\"og:site_name\" content=\"Schlei-Bogensport\" \/>\n<meta property=\"article:modified_time\" content=\"2023-02-20T13:07:33+00:00\" \/>\n<meta name=\"twitter:card\" content=\"summary_large_image\" \/>\n<meta name=\"twitter:label1\" content=\"Gesch\u00e4tzte Lesezeit\" \/>\n\t<meta name=\"twitter:data1\" content=\"1\u00a0Minute\" \/>\n<script type=\"application\/ld+json\" class=\"yoast-schema-graph\">{\"@context\":\"https:\/\/schema.org\",\"@graph\":[{\"@type\":\"WebPage\",\"@id\":\"https:\/\/schlei-bogensport.de\/cms\/sbs\/links\/\",\"url\":\"https:\/\/schlei-bogensport.de\/cms\/sbs\/links\/\",\"name\":\"Links - Schlei-Bogensport\",\"isPartOf\":{\"@id\":\"https:\/\/schlei-bogensport.de\/cms\/sbs\/#website\"},\"datePublished\":\"2023-02-01T14:32:47+00:00\",\"dateModified\":\"2023-02-20T13:07:33+00:00\",\"breadcrumb\":{\"@id\":\"https:\/\/schlei-bogensport.de\/cms\/sbs\/links\/#breadcrumb\"},\"inLanguage\":\"de\",\"potentialAction\":[{\"@type\":\"ReadAction\",\"target\":[\"https:\/\/schlei-bogensport.de\/cms\/sbs\/links\/\"]}]},{\"@type\":\"BreadcrumbList\",\"@id\":\"https:\/\/schlei-bogensport.de\/cms\/sbs\/links\/#breadcrumb\",\"itemListElement\":[{\"@type\":\"ListItem\",\"position\":1,\"name\":\"Startseite\",\"item\":\"https:\/\/schlei-bogensport.de\/cms\/sbs\/\"},{\"@type\":\"ListItem\",\"position\":2,\"name\":\"Links\"}]},{\"@type\":\"WebSite\",\"@id\":\"https:\/\/schlei-bogensport.de\/cms\/sbs\/#website\",\"url\":\"https:\/\/schlei-bogensport.de\/cms\/sbs\/\",\"name\":\"Schlei-Bogensport\",\"description\":\"Im Traditionellen Bogensport die Erste Adresse im Norden Deutschlands\",\"publisher\":{\"@id\":\"https:\/\/schlei-bogensport.de\/cms\/sbs\/#organization\"},\"potentialAction\":[{\"@type\":\"SearchAction\",\"target\":{\"@type\":\"EntryPoint\",\"urlTemplate\":\"https:\/\/schlei-bogensport.de\/cms\/sbs\/?s={search_term_string}\"},\"query-input\":\"required name=search_term_string\"}],\"inLanguage\":\"de\"},{\"@type\":\"Organization\",\"@id\":\"https:\/\/schlei-bogensport.de\/cms\/sbs\/#organization\",\"name\":\"Schlei-Bogensport\",\"alternateName\":\"Schlei-Bogensport\",\"url\":\"https:\/\/schlei-bogensport.de\/cms\/sbs\/\",\"logo\":{\"@type\":\"ImageObject\",\"inLanguage\":\"de\",\"@id\":\"https:\/\/schlei-bogensport.de\/cms\/sbs\/#\/schema\/logo\/image\/\",\"url\":\"https:\/\/schlei-bogensport.de\/cms\/sbs\/wp-content\/uploads\/2023\/01\/logo_schlei-bogensport.png\",\"contentUrl\":\"https:\/\/schlei-bogensport.de\/cms\/sbs\/wp-content\/uploads\/2023\/01\/logo_schlei-bogensport.png\",\"width\":1423,\"height\":400,\"caption\":\"Schlei-Bogensport\"},\"image\":{\"@id\":\"https:\/\/schlei-bogensport.de\/cms\/sbs\/#\/schema\/logo\/image\/\"}}]}<\/script>\n<!-- \/ Yoast SEO plugin. -->","yoast_head_json":{"title":"Links - Schlei-Bogensport","robots":{"index":"index","follow":"follow","max-snippet":"max-snippet:-1","max-image-preview":"max-image-preview:large","max-video-preview":"max-video-preview:-1"},"canonical":"https:\/\/schlei-bogensport.de\/cms\/sbs\/links\/","og_locale":"de_DE","og_type":"article","og_title":"Links - Schlei-Bogensport","og_description":"Links (f\u00fcr den Inhalt der aufgef\u00fchrten Links zeichnet Schlei-Bogensport ausdr\u00fccklich nicht verantwortlich.) Qualifizierte Schule f\u00fcr Traditionelles Bogenschie\u00dfen, Schleswig: www.bow-and-joy.de\u00a0 \u00a0 \u00a0 \u00a0 \u00a0 \u00a0 \u00a0 Stand: Jan 23 \u00a0","og_url":"https:\/\/schlei-bogensport.de\/cms\/sbs\/links\/","og_site_name":"Schlei-Bogensport","article_modified_time":"2023-02-20T13:07:33+00:00","twitter_card":"summary_large_image","twitter_misc":{"Gesch\u00e4tzte Lesezeit":"1\u00a0Minute"},"schema":{"@context":"https:\/\/schema.org","@graph":[{"@type":"WebPage","@id":"https:\/\/schlei-bogensport.de\/cms\/sbs\/links\/","url":"https:\/\/schlei-bogensport.de\/cms\/sbs\/links\/","name":"Links - Schlei-Bogensport","isPartOf":{"@id":"https:\/\/schlei-bogensport.de\/cms\/sbs\/#website"},"datePublished":"2023-02-01T14:32:47+00:00","dateModified":"2023-02-20T13:07:33+00:00","breadcrumb":{"@id":"https:\/\/schlei-bogensport.de\/cms\/sbs\/links\/#breadcrumb"},"inLanguage":"de","potentialAction":[{"@type":"ReadAction","target":["https:\/\/schlei-bogensport.de\/cms\/sbs\/links\/"]}]},{"@type":"BreadcrumbList","@id":"https:\/\/schlei-bogensport.de\/cms\/sbs\/links\/#breadcrumb","itemListElement":[{"@type":"ListItem","position":1,"name":"Startseite","item":"https:\/\/schlei-bogensport.de\/cms\/sbs\/"},{"@type":"ListItem","position":2,"name":"Links"}]},{"@type":"WebSite","@id":"https:\/\/schlei-bogensport.de\/cms\/sbs\/#website","url":"https:\/\/schlei-bogensport.de\/cms\/sbs\/","name":"Schlei-Bogensport","description":"Im Traditionellen Bogensport die Erste Adresse im Norden Deutschlands","publisher":{"@id":"https:\/\/schlei-bogensport.de\/cms\/sbs\/#organization"},"potentialAction":[{"@type":"SearchAction","target":{"@type":"EntryPoint","urlTemplate":"https:\/\/schlei-bogensport.de\/cms\/sbs\/?s={search_term_string}"},"query-input":"required name=search_term_string"}],"inLanguage":"de"},{"@type":"Organization","@id":"https:\/\/schlei-bogensport.de\/cms\/sbs\/#organization","name":"Schlei-Bogensport","alternateName":"Schlei-Bogensport","url":"https:\/\/schlei-bogensport.de\/cms\/sbs\/","logo":{"@type":"ImageObject","inLanguage":"de","@id":"https:\/\/schlei-bogensport.de\/cms\/sbs\/#\/schema\/logo\/image\/","url":"https:\/\/schlei-bogensport.de\/cms\/sbs\/wp-content\/uploads\/2023\/01\/logo_schlei-bogensport.png","contentUrl":"https:\/\/schlei-bogensport.de\/cms\/sbs\/wp-content\/uploads\/2023\/01\/logo_schlei-bogensport.png","width":1423,"height":400,"caption":"Schlei-Bogensport"},"image":{"@id":"https:\/\/schlei-bogensport.de\/cms\/sbs\/#\/schema\/logo\/image\/"}}]}},"_links":{"self":[{"href":"https:\/\/schlei-bogensport.de\/cms\/sbs\/wp-json\/wp\/v2\/pages\/190","targetHints":{"allow":["GET"]}}],"collection":[{"href":"https:\/\/schlei-bogensport.de\/cms\/sbs\/wp-json\/wp\/v2\/pages"}],"about":[{"href":"https:\/\/schlei-bogensport.de\/cms\/sbs\/wp-json\/wp\/v2\/types\/page"}],"author":[{"embeddable":true,"href":"https:\/\/schlei-bogensport.de\/cms\/sbs\/wp-json\/wp\/v2\/users\/1"}],"replies":[{"embeddable":true,"href":"https:\/\/schlei-bogensport.de\/cms\/sbs\/wp-json\/wp\/v2\/comments?post=190"}],"version-history":[{"count":7,"href":"https:\/\/schlei-bogensport.de\/cms\/sbs\/wp-json\/wp\/v2\/pages\/190\/revisions"}],"predecessor-version":[{"id":431,"href":"https:\/\/schlei-bogensport.de\/cms\/sbs\/wp-json\/wp\/v2\/pages\/190\/revisions\/431"}],"wp:attachment":[{"href":"https:\/\/schlei-bogensport.de\/cms\/sbs\/wp-json\/wp\/v2\/media?parent=190"}],"curies":[{"name":"wp","href":"https:\/\/api.w.org\/{rel}","templated":true}]}}